{"id":2041,"date":"2026-02-15T11:36:25","date_gmt":"2026-02-15T10:36:25","guid":{"rendered":"https:\/\/leetraynor.com\/blog.multi\/kiwi7\/?page_id=2041"},"modified":"2026-03-31T00:45:31","modified_gmt":"2026-03-30T23:45:31","slug":"new-downloads","status":"publish","type":"page","link":"https:\/\/leetraynor.com\/blog.multi\/kiwi7\/?page_id=2041","title":{"rendered":"New!!! Downloads"},"content":{"rendered":"<h4 class=\"special_section downloads\" id=\"BICC\">Bay of Islands Cliffs and Caves Seakayaking<\/h4>\n<h6 class=\"downloads\">Zipped archive containing 5 zip files, each with one GPX file, one GeoJSON file, and one OpenStreetMap.<\/h6>\n<ul>\n<li class='payhip-dl'>Whangaroa Harbor to Mahinepua Campground in 5 stages: <a href=\"https:\/\/payhip.com\/b\/dhZDV\" class=\"payhip-buy-button\" data-theme=\"none\" data-product=\"dhZDV\">Buy the complete set for \u20ac4.50<\/a><\/li>\n<\/ul>\n<h6 class=\"downloads\">Individual zipped archives containing one GPX file, one GeoJSON file, and one OpenStreetMap, download for \u20ac1 per set.<\/h6>\n<ul>\n<li class='payhip-dl'><a href=\"https:\/\/payhip.com\/b\/Bbz9L\" class=\"payhip-buy-button\" data-theme=\"none\" data-product=\"Bbz9L\">Whangaroa Harbor to Lane Cove plus Excursion<\/a>, <a href=\"?p=1412\">blog post;<\/a><\/li>\n<li class='payhip-dl'><a href=\"https:\/\/payhip.com\/b\/Tmn9K\" class=\"payhip-buy-button\" data-theme=\"none\" data-product=\"Tmn9K\">Excursion &#8211; Lane Cove to Milford Island and return<\/a>, <a href=\"?p=1428\">blog post;<\/a><\/li>\n<li class='payhip-dl'><a href=\"https:\/\/payhip.com\/b\/GjsS9\" class=\"payhip-buy-button\" data-theme=\"none\" data-product=\"GjsS9\">Lane Cove to Motukawanui<\/a>, <a href=\"?p=1445\">blog post;<\/a><\/li>\n<li class='payhip-dl'><a href=\"https:\/\/payhip.com\/b\/v0nNF\" class=\"payhip-buy-button\" data-theme=\"none\" data-product=\"v0nNF\">Motukawanui Excursion<\/a>, <a href=\"?p=1458\">blog post;<\/a><\/li>\n<li class='payhip-dl'><a href=\"https:\/\/payhip.com\/b\/q89jb\" class=\"payhip-buy-button\" data-theme=\"none\" data-product=\"q89jb\">Motukawanui to Mahinepua<\/a>, <a href=\"?p=1479\">blog post;<\/a><\/li>\n<\/ul>\n<h4 class=\"special_section downloads\" id=\"Various\">Various<\/h4>\n<h6 class=\"downloads\">Individual zipped archives containing one GPX file, one GeoJSON file, and one OpenStreetMap, download for \u20ac1 per set.<\/h6>\n<ul>\n<li class='payhip-dl'><a href=\"https:\/\/payhip.com\/b\/9UWBn\" class=\"payhip-buy-button\" data-theme=\"none\" data-product=\"9UWBn\">Taupo to Aratiatia Falls<\/a>, <a href=\"?p=1242\">blog post;<\/a><\/li>\n<li class='payhip-dl'><a href=\"https:\/\/payhip.com\/b\/uBXIj\" class=\"payhip-buy-button\" data-theme=\"none\" data-product=\"uBXIj\">Taupo Acacia Bay<\/a>, <a href=1265\"?p=\">blog post;<\/a><\/li>\n<li class='payhip-dl'><a href=\"https:\/\/payhip.com\/b\/oD5Qp\" class=\"payhip-buy-button\" data-theme=\"none\" data-product=\"oD5Qp\">Rotorua<\/a>, <a href=\"?p=1300\">blog post;<\/a><\/li>\n<li class='payhip-dl'><a href=\"https:\/\/payhip.com\/b\/1Z8BT\" class=\"payhip-buy-button\" data-theme=\"none\" data-product=\"1Z8BT\">Rotorua Redwoods<\/a>, <a href=\"?p=1352\">blog post;<\/a><\/li>\n<li class='payhip-dl'><a href=\"https:\/\/payhip.com\/b\/iUfJD\" class=\"payhip-buy-button\" data-theme=\"none\" data-product=\"iUfJD\">Paihia<\/a>, <a href=\"?p=1396\">blog post;<\/a><\/li>\n<li class='payhip-dl'><a href=\"https:\/\/payhip.com\/b\/8JaEv\" class=\"payhip-buy-button\" data-theme=\"none\" data-product=\"8JaEv\">Te Araroa &#8211; Te Whara section<\/a>, <a href=\"?p=1520\">blog post;<\/a><\/li>\n<\/ul>\n<h4 class=\"special_section downloads\" id=\"AMC\">Around the Mountain Circuit<\/h4>\n<h6 class=\"downloads\">Zipped archive containing 4 zip files, each with one GPX file, one GeoJSON file, and one OpenStreetMap.<\/h6>\n<ul>\n<li class='payhip-dl'>Starting and finishing at North Egmont Carpark in 4 stages: <a href=\"https:\/\/payhip.com\/b\/ZTCsL\" class=\"payhip-buy-button\" data-theme=\"none\" data-product=\"ZTCsL\">Buy the complete set for \u20ac3.70<\/a><\/li>\n<\/ul>\n<h6 class=\"downloads\">Individual zipped archives containing one GPX file, one GeoJSON file, and one OpenStreetMap, download for \u20ac1 per set.<\/h6>\n<ul>\n<li class='payhip-dl'><a href=\"https:\/\/payhip.com\/b\/WF2ja\" class=\"payhip-buy-button\" data-theme=\"none\" data-product=\"WF2ja\">North Egmont to Lake Dive<\/a>, <a href=\"?p=1150\">blog post;<\/a><\/li>\n<li class='payhip-dl'><a href=\"https:\/\/payhip.com\/b\/kCxdX\" class=\"payhip-buy-button\" data-theme=\"none\" data-product=\"kCxdX\">Lake Dive to Waiaua Gorge<\/a>, <a href=\"?p=1174\">blog post;<\/a><\/li>\n<li class='payhip-dl'><a href=\"https:\/\/payhip.com\/b\/yCIS3\" class=\"payhip-buy-button\" data-theme=\"none\" data-product=\"yCIS3\">Waiaua Gorge to Kahui<\/a>, <a href=\"?p=1178\">blog post;<\/a><\/li>\n<li class='payhip-dl'><a href=\"https:\/\/payhip.com\/b\/bEez5\" class=\"payhip-buy-button\" data-theme=\"none\" data-product=\"bEez5\">Kahui to North Egmont<\/a>, <a href=\"?p=1206\">blog post;<\/a><\/li>\n<\/ul>\n<h4 class=\"special_section downloads\" id=\"TMM\">Trains and Matemateaonga Tracks<\/h4>\n<h6 class=\"downloads\">Zipped archive containing 5 zip files, each with one GPX file, one GeoJSON file, and one OpenStreetMap.<\/h6>\n<ul>\n<li class='payhip-dl'>From Waitotara Road End to Tieke Kainga in 5 stages: <a href=\"https:\/\/payhip.com\/b\/ZTCsL\" class=\"payhip-buy-button\" data-theme=\"none\" data-product=\"ZTCsL\">Buy the complete set for \u20ac4.50<\/a><\/li>\n<\/ul>\n<h6 class=\"downloads\">Individual zipped archives containing one GPX file, one GeoJSON file, and one OpenStreetMap, download for \u20ac1 per set.<\/h6>\n<ul>\n<li class='payhip-dl'><a href=\"https:\/\/payhip.com\/b\/RMaiX\" class=\"payhip-buy-button\" data-theme=\"none\" data-product=\"RMaiX\">Waitotara Road End to Trains Hut<\/a>, <a href=\"?p=956\">blog post;<\/a><\/li>\n<li class='payhip-dl'><a href=\"https:\/\/payhip.com\/b\/RjJYV\" class=\"payhip-buy-button\" data-theme=\"none\" data-product=\"RjJYV\">Trains Hut to Puteore Hut<\/a>, <a href=\"?p=985\">blog post;<\/a><\/li>\n<li class='payhip-dl'><a href=\"https:\/\/payhip.com\/b\/pROJc\" class=\"payhip-buy-button\" data-theme=\"none\" data-product=\"pROJc\">Puteore Hut to Omaru Hut<\/a>, <a href=\"?p=1005\">blog post;<\/a><\/li>\n<li class='payhip-dl'><a href=\"https:\/\/payhip.com\/b\/L3wzE\" class=\"payhip-buy-button\" data-theme=\"none\" data-product=\"L3wzE\">Omaru Hut to Ngapurua Hut<\/a>, <a href=\"?p=1031\">blog post;<\/a><\/li>\n<li class='payhip-dl'><a href=\"https:\/\/payhip.com\/b\/MrRIq\" class=\"payhip-buy-button\" data-theme=\"none\" data-product=\"MrRIq\">Ngapurua Hut to Tieke Kainga<\/a>, <a href=\"?p=1050\">blog post;<\/a><\/li>\n<\/ul>\n<h4 class=\"special_section downloads\" id=\"WRJ\">Whanganui River Journey<\/h4>\n<h6 class=\"downloads\">Zipped archive containing 6 zip files, each with one GPX file, one GeoJSON file, and one OpenStreetMap.<\/h6>\n<ul>\n<li class='payhip-dl'>From Cherry Grove to Pipiriki in 6 stages: <a href=\"https:\/\/payhip.com\/b\/RpKe9\" class=\"payhip-buy-button\" data-theme=\"none\" data-product=\"RpKe9\">Buy the complete set for \u20ac5.30<\/a><\/li>\n<\/ul>\n<h6 class=\"downloads\">Individual zipped archives containing one GPX file, one GeoJSON file, and one OpenStreetMap, download for \u20ac1 per set.<\/h6>\n<ul>\n<li class='payhip-dl'><a href=\"https:\/\/payhip.com\/b\/uqMLI\" class=\"payhip-buy-button\" data-theme=\"none\" data-product=\"uqMLI\">Cherry Grove to Ohinepane<\/a>, <a href=\"?p=640\">blog post;<\/a><\/li>\n<li class='payhip-dl'><a href=\"https:\/\/payhip.com\/b\/Ik10U\" class=\"payhip-buy-button\" data-theme=\"none\" data-product=\"Ik10U\">Ohinepane to Whakahoro<\/a>, <a href=\"?p=670\">blog post;<\/a><\/li>\n<li class='payhip-dl'><a href=\"https:\/\/payhip.com\/b\/TwLK8\" class=\"payhip-buy-button\" data-theme=\"none\" data-product=\"TwLK8\">Whakahoro to Ohauora<\/a>, <a href=\"?p=696\">blog post;<\/a><\/li>\n<li class='payhip-dl'><a href=\"https:\/\/payhip.com\/b\/d56Rh\" class=\"payhip-buy-button\" data-theme=\"none\" data-product=\"d56Rh\">Ohauora to Mangawaiiti<\/a>, <a href=\"?p=720\">blog post;<\/a><\/li>\n<li class='payhip-dl'><a href=\"https:\/\/payhip.com\/b\/kiau6\" class=\"payhip-buy-button\" data-theme=\"none\" data-product=\"kiau6\">Mangawaiiti to Tieke Kainga (incl. Bridge to Nowhere)<\/a>, <a href=\"?p=745\">blog post;<\/a><\/li>\n<li class='payhip-dl'><a href=\"https:\/\/payhip.com\/b\/WpcIr\" class=\"payhip-buy-button\" data-theme=\"none\" data-product=\"WpcIr\">Tieke Kainga to Pipiriki<\/a>, <a href=\"?p=775\">blog post;<\/a><\/li>\n<\/ul>\n<h4 class=\"special_section downloads\" id=\"RMT\">Round the Mountain Track<\/h4>\n<h6 class=\"downloads\">Zipped archive containing 4 zip files, each with one GPX file, one GeoJSON file, and one OpenStreetMap.<\/h6>\n<ul>\n<li class='payhip-dl'>From Waitonga Falls Carpark to Wanganui Corner in 4 stages: <a href=\"https:\/\/payhip.com\/b\/RpKe9\" class=\"payhip-buy-button\" data-theme=\"none\" data-product=\"RpKe9\">Buy the complete set for \u20ac3.70<\/a><\/li>\n<\/ul>\n<h6 class=\"downloads\">Individual zipped archives containing one GPX file, one GeoJSON file, and one OpenStreetMap, download for \u20ac1 per set.<\/h6>\n<ul>\n<li class='payhip-dl'><a href=\"https:\/\/payhip.com\/b\/S2zQt\" class=\"payhip-buy-button\" data-theme=\"none\" data-product=\"S2zQt\">Waitonga Falls Carpark to Rangipo<\/a>, <a href=\"?p=803\">blog post;<\/a><\/li>\n<li class='payhip-dl'><a href=\"https:\/\/payhip.com\/b\/dsPJv\" class=\"payhip-buy-button\" data-theme=\"none\" data-product=\"dsPJv\">Rangipo to Waihohonu<\/a>, <a href=\"?p=826\">blog post;<\/a><\/li>\n<li class='payhip-dl'><a href=\"https:\/\/payhip.com\/b\/XWkJw\" class=\"payhip-buy-button\" data-theme=\"none\" data-product=\"XWkJw\">Waihohonu to Mangaturuturu<\/a>, <a href=\"?p=847\">blog post;<\/a><\/li>\n<li class='payhip-dl'><a href=\"https:\/\/payhip.com\/b\/dvbBI\" class=\"payhip-buy-button\" data-theme=\"none\" data-product=\"dvbBI\">Mangaturuturu to Wanganui Corner<\/a>, <a href=\"?p=880\">blog post;<\/a><\/li>\n<\/ul>\n<h4 class=\"special_section downloads\" id=\"E_11\">European Long Distance Hiking Path E11<\/h4>\n<h6 class=\"downloads\">Zipped archive containing 13 zip files, each with one GPX file, one GeoJSON file, and one OpenStreetMap.<\/h6>\n<ul>\n<li class='payhip-dl'>From Wippra to Berlin-Tiergarten in 13 stages: <a href=\"https:\/\/payhip.com\/b\/mFhfJ\" class=\"payhip-buy-button\" data-theme=\"none\" data-product=\"mFhfJ\">Buy the complete set for \u20ac9.90<\/a><\/li>\n<\/ul>\n<h6 class=\"downloads\">Individual zipped archives containing one GPX file, one GeoJSON file, and one OpenStreetMap, download for \u20ac1 per set.<\/h6>\n<ul>\n<li class='payhip-dl'><a href=\"https:\/\/payhip.com\/b\/b9fWF\" class=\"payhip-buy-button\" data-theme=\"none\" data-product=\"b9fWF\">Wippra to Eisleben<\/a>, <a href=\"?p=78\">blog post;<\/a><\/li>\n<li class='payhip-dl'><a href=\"https:\/\/payhip.com\/b\/HzFBA\" class=\"payhip-buy-button\" data-theme=\"none\" data-product=\"HzFBA\">Eisleben to Zappendorf<\/a>, <a href=\"?p=94\">blog post;<\/a><\/li>\n<li class='payhip-dl'><a href=\"https:\/\/payhip.com\/b\/pmiAT\" class=\"payhip-buy-button\" data-theme=\"none\" data-product=\"pmiAT\">Zappendorf to Gutenberg<\/a>, <a href=\"?p=108\">blog post;<\/a><\/li>\n<li class=\"payhip-dl\"><a href=\"https:\/\/payhip.com\/b\/cSw7q\" class=\"payhip-buy-button\" data-theme=\"none\" data-product=\"cSw7q\">Gutenberg to K\u00f6sseln<\/a>, <a href=\"?p=116\">blog post;<\/a><\/li>\n<li class=\"payhip-dl\"><a href=\"https:\/\/payhip.com\/b\/v3Z7F\" class=\"payhip-buy-button\" data-theme=\"none\" data-product=\"v3Z7F\">Gutenberg to Wei\u00dfandt-G\u00f6lzau<\/a>, <a href=\"?p=123\">blog post;<\/a><\/li>\n<li class=\"payhip-dl\"><a href=\"https:\/\/payhip.com\/b\/BXJgp\" class=\"payhip-buy-button\" data-theme=\"none\" data-product=\"BXJgp\">Ahrensdorf to Dessau<\/a>, <a href=\"?p=137\">blog post;<\/a><\/li>\n<li class='payhip-dl'><a href=\"https:\/\/payhip.com\/b\/xVeNE\" class=\"payhip-buy-button\" data-theme=\"none\" data-product=\"xVeNE\">Dessau to Griebo<\/a>, <a href=\"?p=144\">blog post;<\/a><\/li>\n<li class='payhip-dl'><a href=\"https:\/\/payhip.com\/b\/3av5P\" class=\"payhip-buy-button\" data-theme=\"none\" data-product=\"3av5P\">Griebo to Raben<\/a>, <a href=\"?p=167\">blog post;<\/a><\/li>\n<li class='payhip-dl'><a href=\"https:\/\/payhip.com\/b\/UbYXd\" class=\"payhip-buy-button\" data-theme=\"none\" data-product=\"UbYXd\">R\u00e4digke to Bad Belzig<\/a>, <a href=\"?p=216\">blog post;<\/a><\/li>\n<li class='payhip-dl'><a href=\"https:\/\/payhip.com\/b\/asZi2\" class=\"payhip-buy-button\" data-theme=\"none\" data-product=\"asZi2\">Bad Belzig to Golzow<\/a>, <a href=\"?p=224\">blog post;<\/a><\/li>\n<li class='payhip-dl'><a href=\"https:\/\/payhip.com\/b\/rV3aE\" class=\"payhip-buy-button\" data-theme=\"none\" data-product=\"rV3aE\">Golzow to Ferch<\/a>, <a href=\"?p=237\">blog post;<\/a><\/li>\n<li class='payhip-dl'><a href=\"https:\/\/payhip.com\/b\/FQVv1\" class=\"payhip-buy-button\" data-theme=\"none\" data-product=\"FQVv1\">Ferch to Berlin-Schlachtensee<\/a>, <a href=\"?p=250\">blog post;<\/a><\/li>\n<li class='payhip-dl'><a href=\"https:\/\/payhip.com\/b\/dUOE0\" class=\"payhip-buy-button\" data-theme=\"none\" data-product=\"dUOE0\">Schlachtensee to Berlin-Tiergarten<\/a>, <a href=\"?p=263\">blog post.<\/a><\/li>\n<\/ul>\n<h4 class=\"special_section downloads\" id=\"E_9\">European Long Distance Hiking Path E9<\/h4>\n<h6 class=\"downloads\">Zipped archive containing 9 zip files, each with one GPX file, one GeoJSON file, and one OpenStreetMap.<\/h6>\n<ul>\n<li class='payhip-dl'>From Rostock to Koserow in 9 stages: <a href=\"https:\/\/payhip.com\/b\/4CbBj\" class=\"payhip-buy-button\" data-theme=\"none\" data-product=\"4CbBj\">Buy the complete set for \u20ac7.60<\/a><\/li>\n<\/ul>\n<h6>Individual zipped archives containing one GPX file, one GeoJSON file, and one OpenStreetMap, download for \u20ac1 per set.<\/h6>\n<ul>\n<li class='payhip-dl'><a href=\"https:\/\/payhip.com\/b\/BwrAM\" class=\"payhip-buy-button\" data-theme=\"none\" data-product=\"BwrAM\">Rostock to Wustrow<\/a>, <a href=\"?p=272\">blog post;<\/a><\/a><\/li>\n<li class='payhip-dl'><a href=\"https:\/\/payhip.com\/b\/0Yxeu\" class=\"payhip-buy-button\" data-theme=\"none\" data-product=\"0Yxeu\">Wustrow to Prerow<\/a>, <a href=\"?p=288\">blog post;<\/a><\/li>\n<li class='payhip-dl'><a href=\"https:\/\/payhip.com\/b\/UEwKg\" class=\"payhip-buy-button\" data-theme=\"none\" data-product=\"UEwKg\">Prerow to Barth<\/a>, <a href=\"?p=311\">blog post;<\/a><\/li>\n<li class='payhip-dl'><a href=\"https:\/\/payhip.com\/b\/Obo9B\" class=\"payhip-buy-button\" data-theme=\"none\" data-product=\"Obo9B\">Barth to Hohendorf<\/a>, <a href=\"?p=327\">blog post;<\/a><\/li>\n<li class='payhip-dl'><a href=\"https:\/\/payhip.com\/b\/Dvrp8\" class=\"payhip-buy-button\" data-theme=\"none\" data-product=\"Dvrp8\">Hohendorf to Stralsund<\/a>, <a href=\"?p=338\">blog post;<\/a><\/li>\n<li class='payhip-dl'><a href=\"https:\/\/payhip.com\/b\/YiMGo\" class=\"payhip-buy-button\" data-theme=\"none\" data-product=\"YiMGo\">Stralsund to Stahlbrode<\/a>, <a href=\"?p=349\">blog post;<\/a><\/li>\n<li class='payhip-dl'><a href=\"https:\/\/payhip.com\/b\/P5x4a\" class=\"payhip-buy-button\" data-theme=\"none\" data-product=\"P5x4a\">Reinberg to Greifswald-Eldena<\/a>, <a href=\"?p=359\">blog post;<\/a><\/li>\n<li class='payhip-dl'><a href=\"https:\/\/payhip.com\/b\/6vYRs\" class=\"payhip-buy-button\" data-theme=\"none\" data-product=\"6vYRs\">Greifswald-Eldena to Wolgast<\/a>, <a href=\"?p=3\"70>blog post;<\/a><\/li>\n<li class='payhip-dl'><a href=\"https:\/\/payhip.com\/b\/GrBvE\" class=\"payhip-buy-button\" data-theme=\"none\" data-product=\"GrBvE\">Wolgast to Koserow<\/a>, <a href=\"?p=381\">blog post.<\/a><\/li>\n<\/ul>\n<h4 class=\"special_section downloads\" id=\"SE\">Sea kayaking in Sweden<\/h4>\n<h6 class=\"downloads\">Zipped archive containing 11 zip files, each with one GPX file, one GeoJSON file, and one OpenStreetMaps.<\/h6>\n<ul>\n<li class='payhip-dl'>Circumnavigation of the islands of Orust and Tj\u00f6rn in 11 stages\/12 days, starting and finishing in G\u00f6teborg: <a href=\"https:\/\/payhip.com\/b\/VBdZf\" class=\"payhip-buy-button\" data-theme=\"none\" data-product=\"VBdZf\">Buy the complete set for \u20ac8.80<\/a><\/li>\n<\/ul>\n<h6>Individual zipped archives containing one GPX file, one GeoJSON file, and one OpenStreetMap, download for \u20ac1 per set.<\/h6>\n<ul>\n<li class='payhip-dl'><a href=\"https:\/\/payhip.com\/b\/elEWm\" class=\"payhip-buy-button\" data-theme=\"none\" data-product=\"elEWm\">G\u00f6teborg to H\u00f6n\u00f6<\/a>, <a href=\"?p=397\">blog post;<\/a><\/li>\n<li class='payhip-dl'><a href=\"https:\/\/payhip.com\/b\/KcF14\" class=\"payhip-buy-button\" data-theme=\"none\" data-product=\"KcF14\">H\u00f6n\u00f6 to Kr\u00e5ker\u00f6n<\/a>, <a href=\"?p=404\">blog post;<\/a><\/li>\n<li class='payhip-dl'><a href=\"https:\/\/payhip.com\/b\/8O79W\" class=\"payhip-buy-button\" data-theme=\"none\" data-product=\"8O79W\">Kr\u00e5ker\u00f6n to Stenungsund<\/a>, <a href=\"?p=414\">blog post;<\/a><\/li>\n<li class='payhip-dl'><a href=\"https:\/\/payhip.com\/b\/0OTES\" class=\"payhip-buy-button\" data-theme=\"none\" data-product=\"0OTES\">Stenungsund to Bratt\u00f6n<\/a>, <a href=\"?p=428\">blog post;<\/a><\/li>\n<li class='payhip-dl'><a href=\"https:\/\/payhip.com\/b\/hOt0l\" class=\"payhip-buy-button\" data-theme=\"none\" data-product=\"hOt0l\">Bratt\u00f6n to Ell\u00f6s<\/a>, <a href=\"?p=435\">blog post;<\/a><\/li>\n<li class='payhip-dl'><a href=\"https:\/\/payhip.com\/b\/HR1b5\" class=\"payhip-buy-button\" data-theme=\"none\" data-product=\"HR1b5\">Ell\u00f6s to Br\u00e5t\u00f6<\/a>, <a href=\"?p=463\">blog post;<\/a><\/li>\n<li class='payhip-dl'><a href=\"https:\/\/payhip.com\/b\/TYsMh\" class=\"payhip-buy-button\" data-theme=\"none\" data-product=\"TYsMh\">Br\u00e5t\u00f6 to H\u00e4ls\u00f6n<\/a>, <a href=\"?p=473\">blog post;<\/a><\/li>\n<li class='payhip-dl'><a href=\"https:\/\/payhip.com\/b\/9FCbV\" class=\"payhip-buy-button\" data-theme=\"none\" data-product=\"9FCbV\">H\u00e4ls\u00f6n to Kl\u00e4desholmen<\/a>, <a href=\"?p=489\">blog post;<\/a><\/li>\n<li class='payhip-dl'><a href=\"https:\/\/payhip.com\/b\/OTsD4\" class=\"payhip-buy-button\" data-theme=\"none\" data-product=\"OTsD4\">Kl\u00e4desholmen to Gl\u00f6sk\u00e4rviken<\/a>, <a href=\"?p=515\">blog post;<\/a><\/li>\n<li class='payhip-dl'><a href=\"https:\/\/payhip.com\/b\/se2cd\" class=\"payhip-buy-button\" data-theme=\"none\" data-product=\"se2cd\">Gl\u00f6sk\u00e4rviken to Riv\u00f6<\/a>, <a href=\"?p=536\">blog post;<\/a><\/li>\n<li class='payhip-dl'><a href=\"https:\/\/payhip.com\/b\/6GwvD\" class=\"payhip-buy-button\" data-theme=\"none\" data-product=\"6GwvD\">Riv\u00f6 to G\u00f6teborg<\/a>, <a href=\"?p=550\">blog post;<\/a><\/li>\n<\/ul>\n<p><script>sid = \"K7_Downloads\";<\/script><\/p>\n","protected":false},"excerpt":{"rendered":"<p>Bay of Islands Cliffs and Caves Seakayaking Zipped archive containing 5 zip files, each with one GPX file, one GeoJSON file, and one OpenStreetMap. Whangaroa Harbor to Mahinepua Campground in 5 stages: Buy the complete set for \u20ac4.50 Individual zipped archives containing one GPX file, one GeoJSON file, and one OpenStreetMap, download for \u20ac1 per &hellip; <a href=\"https:\/\/leetraynor.com\/blog.multi\/kiwi7\/?page_id=2041\" class=\"more-link\">Continue reading<span class=\"screen-reader-text\"> &#8220;New!!! Downloads&#8221;<\/span><\/a><\/p>\n","protected":false},"author":1,"featured_media":0,"parent":0,"menu_order":0,"comment_status":"closed","ping_status":"closed","template":"","meta":{"jetpack_post_was_ever_published":false,"footnotes":""},"class_list":["post-2041","page","type-page","status-publish","hentry"],"jetpack_sharing_enabled":true,"jetpack_shortlink":"https:\/\/wp.me\/PaBnFv-wV","jetpack-related-posts":[],"_links":{"self":[{"href":"https:\/\/leetraynor.com\/blog.multi\/kiwi7\/index.php?rest_route=\/wp\/v2\/pages\/2041","targetHints":{"allow":["GET"]}}],"collection":[{"href":"https:\/\/leetraynor.com\/blog.multi\/kiwi7\/index.php?rest_route=\/wp\/v2\/pages"}],"about":[{"href":"https:\/\/leetraynor.com\/blog.multi\/kiwi7\/index.php?rest_route=\/wp\/v2\/types\/page"}],"author":[{"embeddable":true,"href":"https:\/\/leetraynor.com\/blog.multi\/kiwi7\/index.php?rest_route=\/wp\/v2\/users\/1"}],"replies":[{"embeddable":true,"href":"https:\/\/leetraynor.com\/blog.multi\/kiwi7\/index.php?rest_route=%2Fwp%2Fv2%2Fcomments&post=2041"}],"version-history":[{"count":46,"href":"https:\/\/leetraynor.com\/blog.multi\/kiwi7\/index.php?rest_route=\/wp\/v2\/pages\/2041\/revisions"}],"predecessor-version":[{"id":2535,"href":"https:\/\/leetraynor.com\/blog.multi\/kiwi7\/index.php?rest_route=\/wp\/v2\/pages\/2041\/revisions\/2535"}],"wp:attachment":[{"href":"https:\/\/leetraynor.com\/blog.multi\/kiwi7\/index.php?rest_route=%2Fwp%2Fv2%2Fmedia&parent=2041"}],"curies":[{"name":"wp","href":"https:\/\/api.w.org\/{rel}","templated":true}]}}